{"id":115,"date":"2021-01-21T17:51:04","date_gmt":"2021-01-21T17:51:04","guid":{"rendered":"https:\/\/2021.centralbahn.ch\/?page_id=115"},"modified":"2021-01-21T17:51:04","modified_gmt":"2021-01-21T17:51:04","slug":"datenschutz","status":"publish","type":"page","link":"https:\/\/avada.centralbahn.ch\/index.php\/datenschutz\/","title":{"rendered":"Datenschutz"},"content":{"rendered":"<p>Stand: 08\/2018<\/p>\n<p>Wir verarbeiten personenbezogene Daten (nachfolgend \u201eDaten\u201c) der Nutzer nur,<br \/>\nsoweit dies zur Bereitstellung einer funktionsf\u00e4higen und komfortablen Website sowie unserer Inhalte und Leistungen erforderlich ist.<\/p>\n<p>Als \u201eVerarbeitung\u201c gilt die Erhebung, Nutzung, Weitergabe und\/oder Speicherung. Als \u201epersonenbezogene Daten\u201c gelten nach der EU-Datenschutzgrundverordnung (nachfolgend \u201eDSGVO\u201c) grunds\u00e4tzlich alle Daten, mit denen eine nat\u00fcrliche Person identifiziert werden kann.<br \/>\nDie genauen Definitionen der Begrifflichkeiten sind in Art. 4 DSGVO bestimmt.<\/p>\n<p>Nachstehende Ausf\u00fchrungen informieren Sie insbesondere \u00fcber die Art, den Umfang, den Zweck, die Dauer und die Rechtsgrundlage<br \/>\nder Verarbeitung von personenbezogenen Daten \u00fcber dessen Zwecke und Mittel der Verarbeitung wir allein oder gemeinsam<br \/>\nmit anderen entscheiden, sowie \u00fcber die von uns zur Optimierung und Nutzungsqualit\u00e4t gegebenenfalls eingesetzten Komponenten Dritter,<br \/>\ndie in eigener Verantwortung Daten verarbeiten:<\/p>\n<p>_________________________________________<\/p>\n<ol>\n<li>A) Informationen zum Verantwortlichen<\/li>\n<li>B) Rechte des Nutzers<\/li>\n<li>C) Informationen zur Datenverarbeitung<\/li>\n<\/ol>\n<p>_________________________________________<\/p>\n<p><strong>\u00a0<\/strong><strong style=\"font-size: 16px;\">A) Informationen zum Verantwortlichen<\/strong><\/p>\n<p>Der Verantwortliche (nachfolgend \u201eAnbieter\u201c) im Sinne der DSGVO und anderer nationaler Datenschutzgesetze<br \/>\nder Mitgliedsstaaten sowie sonstiger datenschutzrechtlicher Bestimmungen ist:<\/p>\n<p>Centralbahn AG<\/p>\n<p>Centralbahnplatz 6<\/p>\n<p>CH-4051 Basel<\/p>\n<p>Tel.:\u00a0\u00a0\u00a0\u00a0\u00a0\u00a0 \u00a0\u00a0\u00a0\u00a0\u00a0\u00a0\u00a0\u00a0\u00a0\u00a0\u00a0\u00a0\u00a0\u00a0 +41\/ (0) 61 273 02 40<\/p>\n<p>Fax:\u00a0\u00a0\u00a0\u00a0\u00a0\u00a0\u00a0\u00a0\u00a0\u00a0\u00a0\u00a0\u00a0\u00a0\u00a0\u00a0\u00a0\u00a0\u00a0\u00a0\u00a0\u00a0 +41\/ (0) 61 273 02 41<\/p>\n<p>E-Mail: \u00a0\u00a0\u00a0\u00a0\u00a0\u00a0\u00a0\u00a0\u00a0\u00a0\u00a0\u00a0\u00a0\u00a0\u00a0 info@centralbahn.ch<\/p>\n<p><strong>\u00a0<\/strong><strong style=\"font-size: 16px;\">B) Rechte des Nutzers<\/strong><\/p>\n<p>Der Nutzer hat in Bezug auf die vom Anbieter nachfolgend wiedergegebene Verarbeitung seiner personenbezogenen Daten das Recht,<\/p>\n<ol>\n<li>eine Best\u00e4tigung dar\u00fcber zu verlangen, ob die ihn betreffenden Daten verarbeitet werden und auf genaue Auskunft \u00fcber diese<br \/>\nDaten sowie auf weitere Informationen und Kopien der Daten entsprechend Art. 15 DSGVO;<\/li>\n<li>die unverz\u00fcgliche Berichtigung der ihn betreffenden unrichtigen Daten oder die Vervollst\u00e4ndigung dieser Daten gem\u00e4\u00df<br \/>\nArt. 16 DSGVO zu verlangen;<\/li>\n<li>zu verlangen, dass die ihn betreffende Daten gem\u00e4\u00df Art. 17 DSGVO unverz\u00fcglich gel\u00f6scht werden, alternativ,<br \/>\nfalls beispielsweise eine weitere Verarbeitung gem\u00e4\u00df Art. 17 Abs. 3 DSGVO erforderlich ist,<br \/>\neine Einschr\u00e4nkung der Verarbeitung der Daten nach Ma\u00dfgabe des Art. 18 DSGVO zu verlangen;<\/li>\n<li>dass er die ihn betreffenden und von ihm bereitgestellten Daten nach Ma\u00dfgabe des Art. 20 DSGVO erh\u00e4lt<br \/>\nund deren \u00dcbermittlung an andere Verantwortliche zu fordern;<\/li>\n<li>eine Beschwerde bei der Aufsichtsbeh\u00f6rde nach Art. 77 DSGVO einzureichen, falls der Nutzer der Ansicht ist,<br \/>\ndass die Verarbeitung seiner Daten durch den Anbieter gegen die DSGVO verst\u00f6\u00dft.<\/li>\n<\/ol>\n<p>_________________________<\/p>\n<ol start=\"6\">\n<li><strong>Der Nutzer kann grunds\u00e4tzlich der k\u00fcnftigen Verarbeitung der ihn betreffenden Daten,<br \/>\nwelche durch einen Verantwortlichen auf Grundlage von Art. 6 Abs. 1 lit. f DSGVO erfolgt,<br \/>\njederzeit nach Ma\u00dfgabe des Art. 21 DSGVO widersprechen.<br \/>\nDer Widerspruch kann insbesondere gegen die Verarbeitung f\u00fcr Zwecke der Direktwerbung erfolgen.<\/strong><\/li>\n<\/ol>\n<p>_________________________<\/p>\n<ol start=\"7\">\n<li>Der Anbieter ist zudem verpflichtet, jede Berichtigung oder L\u00f6schung der personenbezogenen Daten oder eine Einschr\u00e4nkung der Verarbeitung,<br \/>\ndie aufgrund von Artikel 16 DSGVO, Artikel 17 Absatz 1 DSGVO und Artikel 18 DSGVO erfolgt, allen Empf\u00e4ngern der Daten mitzuteilen,<br \/>\ndenen die Daten von ihm offengelegt wurden. Die Verpflichtung besteht nicht f\u00fcr den Fall, dass diese Mitteilung sich als unm\u00f6glich erweist<br \/>\noder mit einem unverh\u00e4ltnism\u00e4\u00dfigen Aufwand verbunden ist. Dem Nutzer steht das Recht auf Auskunft bez\u00fcglich dieser Empf\u00e4nger zu.<\/li>\n<\/ol>\n<p>&nbsp;<\/p>\n<ol>\n<li><strong>C) Informationen zur Datenverarbeitung<\/strong><\/li>\n<\/ol>\n<p>Soweit nachfolgend zu den einzelnen Datenverarbeitungen keine detaillierten Angaben erfolgen, werden die vom Anbieter verarbeiteten<br \/>\nDaten des Nutzers gel\u00f6scht oder gesperrt, sobald der Zweck der Speicherung entf\u00e4llt und der L\u00f6schung keine gesetzlichen<br \/>\nAufbewahrungspflichten entgegenstehen.<\/p>\n<p><strong>\u00a0<\/strong><\/p>\n<p>Serverdaten<\/p>\n<p>Aus kommunikations- und sicherheitstechnischen Gr\u00fcnden werden w\u00e4hrend des Besuches der Website u.a. folgende Daten,<br \/>\ndie der Internet-Browser des Nutzers an den Anbieter bzw. an seinen Webspace-Provider \u00fcbermittelt, erhoben (sogenannte Serverlogfiles):<\/p>\n<p>\u2013 Browsertyp und -version;<\/p>\n<p>\u2013 verwendetes Betriebssystem;<\/p>\n<p>\u2013 Website, von der der Nutzer auf die Website des Anbieters gewechselt hat (Referrer URL);<\/p>\n<p>\u2013 Website, die der Nutzer besucht;<\/p>\n<p>\u2013 Datum und Uhrzeit des Zugriffs;<\/p>\n<p>\u2013 Internet-Protokoll-(IP)-Adresse des Nutzers.<\/p>\n<p>Die Daten werden zudem vor\u00fcbergehend gespeichert. Eine Speicherung dieser Daten zusammen mit anderen personenbezogenen<br \/>\nDaten des Nutzers findet nicht statt. Rechtsgrundlage f\u00fcr die vor\u00fcbergehende Speicherung ist Art. 6 Abs. 1 lit. f DSGVO<br \/>\nauf Basis des berechtigten Interesses an der Verbesserung der Stabilit\u00e4t, Funktionalit\u00e4t und Sicherheit der Website.<\/p>\n<p>Nach sp\u00e4testens sieben Tagen werden die Daten gel\u00f6scht. Daten, deren weitere Aufbewahrung zu Beweiszwecken erforderlich ist,<br \/>\nsind bis zur endg\u00fcltigen Kl\u00e4rung des jeweiligen Vorfalls von der L\u00f6schung ausgenommen.<\/p>\n<p>&nbsp;<\/p>\n<p>Cookies<\/p>\n<p>Der Anbieter verwendet auf der Website keine Cookies.<\/p>\n<p>Cookies sind kleine Textdateien oder andere Speichertechnologien, die der vom Nutzer eingesetzte Internet-Browser<br \/>\nauf dem Endger\u00e4t ablegt und speichert. Diese Cookies verarbeiten im individuellen Umfang bestimmte Informationen des Nutzers,<br \/>\nwie beispielsweise Browser- und Standortdaten und IP-Adresswerte.<\/p>\n<p>&nbsp;<\/p>\n<p>Vertragsabwicklung<\/p>\n<ol>\n<li>a) Verarbeitung<\/li>\n<\/ol>\n<p>Die vom Nutzer zum Zwecke eines Leistungserwerbs angegebenen personenbezogenen Daten werden vom Anbieter zum Zwecke<br \/>\nder Vertragsabwicklung verarbeitet. Die Angaben der Daten sind zum Vertragsschluss erforderlich; ohne die Bereitstellung der Daten<br \/>\nist der Vertragsschluss nicht m\u00f6glich. Rechtsgrundlage f\u00fcr die Verarbeitung ist Art. 6 Abs. 1 lit. b DSGVO.<br \/>\nNach vollst\u00e4ndiger Abwicklung des Vertrages werden die Daten des Nutzers mit R\u00fccksicht auf steuer- und handelsrechtliche Aufbewahrungsfristen gel\u00f6scht.<\/p>\n<ol>\n<li>b) Weitergabe<\/li>\n<\/ol>\n<p>Die personenbezogenen Daten des Nutzers werden im Rahmen der Vertragsabwicklung an einen Finanzdienstleister weitergegeben,<br \/>\nsoweit dies zur Bezahlung der Leistung erforderlich ist.<\/p>\n<p>Rechtsgrundlage f\u00fcr die Weitergabe der Daten ist hierbei Art. 6 Abs. 1 lit. b DSGVO.<\/p>\n<p>&nbsp;<\/p>\n<p>Kontaktanfragen<\/p>\n<p>Im Falle einer Kontaktaufnahme des Nutzers mit dem Anbieter werden die bei dieser Gelegenheit eingegebenen personenbezogenen<br \/>\nDaten des Nutzers zur Bearbeitung der Anfrage genutzt. Die Angaben der Daten sind zur Beantwortung der Anfrage erforderlich,<br \/>\nohne die Bereitstellung der Daten ist eine Beantwortung nicht bzw. nur eingeschr\u00e4nkt m\u00f6glich.<\/p>\n<p>Dient die Kontaktanfrage der Erf\u00fcllung eines Vertrages oder der Durchf\u00fchrung vorvertraglicher Ma\u00dfnahmen,<br \/>\nso ist Rechtsgrundlage Art. 6 Abs. 1 lit. b DSGVO.<\/p>\n<p>Die Daten des Nutzers werden gel\u00f6scht, sofern die Anfrage des Nutzers abschlie\u00dfend beantwortet wurde<br \/>\nund keine gesetzlichen Aufbewahrungspflichten, wie z.B. bei einer anschlie\u00dfenden Vertragsabwicklung, entgegenstehen.<\/p>\n<p>Rechtsgrundlage kann auch eine Einwilligung des Nutzers gem\u00e4\u00df Art. 6 Abs. 1 lit. a DSGVO.<\/p>\n<p>Eine erteilte Einwilligung f\u00fcr die Kontaktanfrage kann der Nutzer nach Art. 7 Abs. 3 DSGVO jederzeit<br \/>\ndurch eine Mitteilung an den Anbieter widerrufen. Die im Zusammenhang verarbeiteten Daten werden gel\u00f6scht,<br \/>\nsobald ihre Verarbeitung nicht mehr erforderlich ist.<\/p>\n<p>&nbsp;<\/p>\n<p>Google-Analytics<\/p>\n<p>Diese Website benutzt Google-Analytics, einen Webanalysedienst der Firma<br \/>\nGoogle LLC, 1600 Amphitheatre Parkway, Mountain View, CA 94043 USA, nachfolgend \u201eGoogle\u201c.<\/p>\n<p>Google ist nach dem \u201eEU-US Privacy Shield\u201c zertifiziert und garantiert dadurch die Einhaltung<br \/>\nder Datenschutzvorgaben der EU bei der Verarbeitung der Daten in den USA.<\/p>\n<p><a href=\"https:\/\/www.privacyshield.gov\/participant?id=a2zt000000001L5AAI&amp;status=Active\">https:\/\/www.privacyshield.gov\/participant?id=a2zt000000001L5AAI&amp;status=Active<\/a><\/p>\n<p>Google-Analytics dient dem Anbieter zur Analyse der Benutzung der Website. Rechtsgrundlage ist hierbei<br \/>\nArt. 6 Abs. 1 lit. f DSGVO. Das berechtigte Interesse des Anbieters besteht an der Analyse,<br \/>\nOptimierung und dem wirtschaftlichen Betrieb der Website.<\/p>\n<p>Informationen, beispielsweise Zeit, Ort und H\u00e4ufigkeit des Webseiten-Besuchs des Nutzers einschlie\u00dflich seiner IP-Adresse,<br \/>\nwerden an einen Server von Google in den USA \u00fcbertragen und dort gespeichert.<\/p>\n<p>Der Anbieter nutzt hierbei Google-Analytics mit einer Anonymisierungsfunktion. Durch diesen Zusatz wird die IP-Adresse, in diesem Fall von Google schon innerhalb von Mitgliedstaaten der Europ\u00e4ischen Union oder in anderen Vertragsstaaten des Abkommens \u00fcber den Europ\u00e4ischen Wirtschaftsraum, gek\u00fcrzt.<\/p>\n<p>Google wird die dadurch erhobenen Daten dazu verwenden, den Besuch der Website durch den Nutzer auszuwerten und Reports<br \/>\n\u00fcber die Websiteaktivit\u00e4ten f\u00fcr den Anbieter zusammenzustellen. Zudem werden die Daten genutzt, um weitere mit der Websitenutzung<br \/>\nund der Internetnutzung verbundenen Dienstleistungen zu erbringen. Auch wird Google diese Informationen gegebenenfalls an Dritte \u00fcbertragen,<br \/>\nsofern dies gesetzlich vorgeschrieben oder soweit Dritte diese Daten im Auftrag von Google verarbeiten.<\/p>\n<p>Google wird, nach eigenen Angaben, in keinem Fall die IP-Adresse des Nutzers mit anderen Daten von Google in Verbindung bringen.<br \/>\nWeitergehende Informationen, insbesondere zu den M\u00f6glichkeiten der Unterbindung der Datennutzung,<br \/>\nbietet Google unter dem nachfolgenden Link an:<\/p>\n<p><a href=\"https:\/\/www.google.com\/intl\/de\/policies\/privacy\/partners\">https:\/\/www.google.com\/intl\/de\/policies\/privacy\/partners<\/a><\/p>\n<p>Google bietet zudem f\u00fcr die g\u00e4ngigsten Browser ein Deaktivierungs-Add-On an, welches dem Nutzer mehr Kontrolle dar\u00fcber gibt,<br \/>\nwelche Daten von Google zu der vom Nutzer aufgerufenen Website erfasst werden. Das Add-On teilt dem JavaScript (ga.js) von Google Analytics mit,<br \/>\ndass keine Informationen zum Website-Besuch an Google Analytics \u00fcbermittelt werden sollen.<br \/>\nDas Deaktivierungs-Add-On f\u00fcr Browser von Google Analytics verhindert aber nicht, dass Informationen an den Anbieter<br \/>\noder an andere von dem Anbieter gegebenenfalls eingesetzten und in dieser Datenschutzerkl\u00e4rung aufgef\u00fchrten Webanalyse-Services \u00fcbermittelt werden. Weitere Informationen zur Installation des Browser-Add-On sind unter nachfolgendem Link abrufbar:<\/p>\n<p><a href=\"https:\/\/tools.google.com\/dlpage\/gaoptout?hl=de\">Browser-Add-On zur Deaktivierung von Google Analytics<\/a><\/p>\n<p>Alternativ kann die zuk\u00fcnftige Analyse des Seitenbesuches durch Google Analytics durch einen \u201eKlick\u201c auf den nachfolgenden Link deaktiviert werden.<br \/>\nDurch den \u201eKlick\u201c auf den Link wird ein sog. \u201eOpt-Out-Cookie\u201c gesetzt, dies hat zur Folge, dass die Analyse des Seitenbesuches<br \/>\nauf der Website des Anbieters zuk\u00fcnftig verhindert wird:<\/p>\n<p><u>\u201eOpt-Out-Cookie\u201c f\u00fcr Google-Analytics aktivieren<\/u><\/p>\n<p>Bitte beachten: Sollte der Nutzer die Cookies in seinen Browsereinstellungen l\u00f6schen, wird im Regelfall auch das Opt-Out-Cookie gel\u00f6scht<br \/>\nund muss ggf. vom Nutzer erneut aktiviert werden.<\/p>\n<p>Google Fonts<\/p>\n<p><strong>\u00a0<\/strong>Zur Darstellung der Schrift auf der Website setzt der Anbieter externe Schriftarten in Form von \u201eGoogle Fonts\u201c, einem Dienst der Google LLC, 1600 Amphitheatre Parkway, Mountain View, CA 94043 USA, nachfolgend \u201eGoogle\u201c, ein.<\/p>\n<p>Google ist nach dem \u201eEU-US Privacy Shield\u201c zertifiziert und garantiert dadurch die Einhaltung der Datenschutzvorgaben der EU<br \/>\nbei der Verarbeitung der Daten in den USA.<\/p>\n<p><a href=\"https:\/\/www.privacyshield.gov\/participant?id=a2zt000000001L5AAI&amp;status=Active\">https:\/\/www.privacyshield.gov\/participant?id=a2zt000000001L5AAI&amp;status=Active<\/a><\/p>\n<p>Bei dem Aufruf der Website des Anbieters wird eine Verbindung zum Google-Server in den USA aufgebaut,<br \/>\num die Darstellung der Schrift zu erm\u00f6glichen bzw. diese zu aktualisieren.<\/p>\n<p>Rechtsgrundlage ist hierbei Art. 6 Abs. 1 lit. f DSGVO. Das berechtigte Interesse des Anbieters besteht<br \/>\nan der Optimierung und dem wirtschaftlichen Betrieb der Website.<\/p>\n<p>Durch die Verbindung kann Google erkennen, von welcher Website eine Anfrage gesendet wird<br \/>\nund an welche IP-Adresse die Darstellung der Schrift \u00fcbermittelt wird.<\/p>\n<p>Weitergehende Informationen, insbesondere zu den M\u00f6glichkeiten der Unterbindung der Datennutzung,<br \/>\nbietet Google unter den nachfolgenden Links an:<\/p>\n<p><a href=\"https:\/\/policies.google.com\/privacy\">https:\/\/policies.google.com\/privacy<\/a><\/p>\n<p><a href=\"https:\/\/adssettings.google.com\/authenticated\">https:\/\/adssettings.google.com\/authenticated<\/a>.<\/p>\n","protected":false},"excerpt":{"rendered":"<p>Stand: 08\/2018 Wir verarbeiten personenbezogene Daten (nachfolgend \u201eDaten\u201c) der Nutzer nur, soweit dies zur Bereitstellung einer funktionsf\u00e4higen und komfortablen Website sowie unserer Inhalte und Leistungen erforderlich ist. Als \u201eVerarbeitung\u201c gilt die Erhebung, Nutzung, Weitergabe und\/oder Speicherung. Als \u201epersonenbezogene Daten\u201c gelten nach der EU-Datenschutzgrundverordnung (nachfolgend \u201eDSGVO\u201c) grunds\u00e4tzlich alle Daten, mit denen [&hellip;]<\/p>\n","protected":false},"author":1,"featured_media":0,"parent":0,"menu_order":0,"comment_status":"closed","ping_status":"closed","template":"","meta":{"_monsterinsights_skip_tracking":false,"_monsterinsights_sitenote_active":false,"_monsterinsights_sitenote_note":"","_monsterinsights_sitenote_category":0,"footnotes":""},"class_list":["post-115","page","type-page","status-publish","hentry"],"_links":{"self":[{"href":"https:\/\/avada.centralbahn.ch\/index.php\/wp-json\/wp\/v2\/pages\/115","targetHints":{"allow":["GET"]}}],"collection":[{"href":"https:\/\/avada.centralbahn.ch\/index.php\/wp-json\/wp\/v2\/pages"}],"about":[{"href":"https:\/\/avada.centralbahn.ch\/index.php\/wp-json\/wp\/v2\/types\/page"}],"author":[{"embeddable":true,"href":"https:\/\/avada.centralbahn.ch\/index.php\/wp-json\/wp\/v2\/users\/1"}],"replies":[{"embeddable":true,"href":"https:\/\/avada.centralbahn.ch\/index.php\/wp-json\/wp\/v2\/comments?post=115"}],"version-history":[{"count":1,"href":"https:\/\/avada.centralbahn.ch\/index.php\/wp-json\/wp\/v2\/pages\/115\/revisions"}],"predecessor-version":[{"id":116,"href":"https:\/\/avada.centralbahn.ch\/index.php\/wp-json\/wp\/v2\/pages\/115\/revisions\/116"}],"wp:attachment":[{"href":"https:\/\/avada.centralbahn.ch\/index.php\/wp-json\/wp\/v2\/media?parent=115"}],"curies":[{"name":"wp","href":"https:\/\/api.w.org\/{rel}","templated":true}]}}