{"id":20,"date":"2021-01-20T11:48:24","date_gmt":"2021-01-20T11:48:24","guid":{"rendered":"https:\/\/2021.centralbahn.ch\/?page_id=20"},"modified":"2021-08-12T13:25:14","modified_gmt":"2021-08-12T13:25:14","slug":"impressum","status":"publish","type":"page","link":"https:\/\/avada.centralbahn.ch\/index.php\/impressum\/","title":{"rendered":"Impressum"},"content":{"rendered":"<h2 class=\"art-postheader\">IMPRESSUM<\/h2>\n<div class=\"art-postcontent clearfix\">\n<div class=\"art-article\">\n<p><strong>Centralbahn GmbH<\/strong><br \/>\nKranzstrasse 18<br \/>\n41065 M\u00f6nchengladbach<\/p>\n<p>Tel.: +49\/ (0)2161\/ 830 68 45<br \/>\nFax: +49\/ (0)2161\/ 830 68 46<\/p>\n<p>E-Mail:\u00a0<span id=\"cloak833f8b8042c1552c09c02f7d5c837e81\"><a href=\"mailto:info@centralbahn.de\">info@centralbahn.de<\/a><\/span><\/p>\n<p><strong>Handelsregister:<\/strong><br \/>\nAmtsgericht M\u00f6nchengladbach<\/p>\n<p><strong>Registernummer:<\/strong><br \/>\nHRB 13447<\/p>\n<p><strong>Gesch\u00e4ftsf\u00fchrer\/in:<\/strong><br \/>\nChristophe Schaetzel<br \/>\nAchim Beckers<br \/>\nErika Hug<\/p>\n<p>USt-ID: DE258996083<\/p>\n<p>&nbsp;<\/p>\n<p><strong>Aufsichtsbeh\u00f6rde:\u00a0<\/strong><br \/>\nEisenbahnbundesamt Bonn<\/p>\n<p><strong>Hinweis zur Online-Plattform der EU-Kommission zur au\u00dfergerichtlichen Streitbeilegung:<\/strong><\/p>\n<p>Durch die VERORDNUNG (EU) Nr. 524\/2013 vom 21. Mai 2013 hat das EUROP\u00c4ISCHE PARLAMENT und der EUROP\u00c4ISCHE RAT die Schaffung einer Internetplattform beschlossen, die eine unabh\u00e4ngige, unparteiische, transparente, effektive, schnelle und faire au\u00dfergerichtliche Online-Beilegung von Streitigkeiten zwischen Verbrauchern und Unternehmern anl\u00e4sslich von Online-Kaufvertr\u00e4gen oder Online-Dienstleistungsvertr\u00e4gen erm\u00f6glichen soll. Verbraucher erhalten \u00fcber die URL\u00a0<a href=\"http:\/\/ec.europa.eu\/consumers\/odr\/%20\">http:\/\/ec.europa.eu\/consumers\/odr\/\u00a0<\/a>n\u00e4here Informationen und einen Zugang zu der Plattform.<\/p>\n<p>&nbsp;<\/p>\n<p><strong>Information Streitbeilegungsverfahren<\/strong><\/p>\n<p>Gem\u00e4\u00df \u00a7 36 Verbraucherstreitbeilegungsgesetz (VSBG) informieren wir wie folgt:<br \/>\nZur Teilnahme an einem Streitschlichtungsverfahren sind wir nicht bereit und nicht verpflichtet.<\/p>\n<\/div>\n<\/div>\n","protected":false},"excerpt":{"rendered":"<p>IMPRESSUM Centralbahn GmbH Kranzstrasse 18 41065 M\u00f6nchengladbach Tel.: +49\/ (0)2161\/ 830 68 45 Fax: +49\/ (0)2161\/ 830 68 46 E-Mail:\u00a0info@centralbahn.de Handelsregister: Amtsgericht M\u00f6nchengladbach Registernummer: HRB 13447 Gesch\u00e4ftsf\u00fchrer\/in: Christophe Schaetzel Achim Beckers Erika Hug USt-ID: DE258996083 &nbsp; Aufsichtsbeh\u00f6rde:\u00a0 Eisenbahnbundesamt Bonn Hinweis zur Online-Plattform der EU-Kommission zur au\u00dfergerichtlichen Streitbeilegung: Durch die VERORDNUNG [&hellip;]<\/p>\n","protected":false},"author":1,"featured_media":0,"parent":0,"menu_order":0,"comment_status":"closed","ping_status":"closed","template":"","meta":{"_monsterinsights_skip_tracking":false,"_monsterinsights_sitenote_active":false,"_monsterinsights_sitenote_note":"","_monsterinsights_sitenote_category":0,"footnotes":""},"class_list":["post-20","page","type-page","status-publish","hentry"],"_links":{"self":[{"href":"https:\/\/avada.centralbahn.ch\/index.php\/wp-json\/wp\/v2\/pages\/20","targetHints":{"allow":["GET"]}}],"collection":[{"href":"https:\/\/avada.centralbahn.ch\/index.php\/wp-json\/wp\/v2\/pages"}],"about":[{"href":"https:\/\/avada.centralbahn.ch\/index.php\/wp-json\/wp\/v2\/types\/page"}],"author":[{"embeddable":true,"href":"https:\/\/avada.centralbahn.ch\/index.php\/wp-json\/wp\/v2\/users\/1"}],"replies":[{"embeddable":true,"href":"https:\/\/avada.centralbahn.ch\/index.php\/wp-json\/wp\/v2\/comments?post=20"}],"version-history":[{"count":3,"href":"https:\/\/avada.centralbahn.ch\/index.php\/wp-json\/wp\/v2\/pages\/20\/revisions"}],"predecessor-version":[{"id":314,"href":"https:\/\/avada.centralbahn.ch\/index.php\/wp-json\/wp\/v2\/pages\/20\/revisions\/314"}],"wp:attachment":[{"href":"https:\/\/avada.centralbahn.ch\/index.php\/wp-json\/wp\/v2\/media?parent=20"}],"curies":[{"name":"wp","href":"https:\/\/api.w.org\/{rel}","templated":true}]}}