{"id":236,"date":"2021-06-28T14:27:38","date_gmt":"2021-06-28T14:27:38","guid":{"rendered":"https:\/\/2021gmbh.centralbahn.ch\/?page_id=236"},"modified":"2021-06-28T14:27:38","modified_gmt":"2021-06-28T14:27:38","slug":"schnellzugwagen","status":"publish","type":"page","link":"https:\/\/avada.centralbahn.ch\/index.php\/schnellzugwagen\/","title":{"rendered":"Schnellzugwagen"},"content":{"rendered":"<p>Alle unsere Wagen bieten bequeme Sitzpl\u00e4tze in 6er-Abteilen, viel Stauraum f\u00fcr Gep\u00e4ck und pro Wagen je 2 WCs und 2 Waschr\u00e4ume.<\/p>\n","protected":false},"excerpt":{"rendered":"<p>Alle unsere Wagen bieten bequeme Sitzpl\u00e4tze in 6er-Abteilen, viel Stauraum f\u00fcr Gep\u00e4ck und pro Wagen je 2 WCs und 2 Waschr\u00e4ume.<\/p>\n","protected":false},"author":1,"featured_media":0,"parent":0,"menu_order":0,"comment_status":"closed","ping_status":"closed","template":"","meta":{"_monsterinsights_skip_tracking":false,"_monsterinsights_sitenote_active":false,"_monsterinsights_sitenote_note":"","_monsterinsights_sitenote_category":0,"footnotes":""},"class_list":["post-236","page","type-page","status-publish","hentry"],"_links":{"self":[{"href":"https:\/\/avada.centralbahn.ch\/index.php\/wp-json\/wp\/v2\/pages\/236","targetHints":{"allow":["GET"]}}],"collection":[{"href":"https:\/\/avada.centralbahn.ch\/index.php\/wp-json\/wp\/v2\/pages"}],"about":[{"href":"https:\/\/avada.centralbahn.ch\/index.php\/wp-json\/wp\/v2\/types\/page"}],"author":[{"embeddable":true,"href":"https:\/\/avada.centralbahn.ch\/index.php\/wp-json\/wp\/v2\/users\/1"}],"replies":[{"embeddable":true,"href":"https:\/\/avada.centralbahn.ch\/index.php\/wp-json\/wp\/v2\/comments?post=236"}],"version-history":[{"count":1,"href":"https:\/\/avada.centralbahn.ch\/index.php\/wp-json\/wp\/v2\/pages\/236\/revisions"}],"predecessor-version":[{"id":237,"href":"https:\/\/avada.centralbahn.ch\/index.php\/wp-json\/wp\/v2\/pages\/236\/revisions\/237"}],"wp:attachment":[{"href":"https:\/\/avada.centralbahn.ch\/index.php\/wp-json\/wp\/v2\/media?parent=236"}],"curies":[{"name":"wp","href":"https:\/\/api.w.org\/{rel}","templated":true}]}}