{"id":47,"date":"2021-01-20T12:01:21","date_gmt":"2021-01-20T12:01:21","guid":{"rendered":"https:\/\/2021.centralbahn.ch\/?page_id=47"},"modified":"2021-08-16T09:13:20","modified_gmt":"2021-08-16T09:13:20","slug":"unsere-lokomotiven","status":"publish","type":"page","link":"https:\/\/avada.centralbahn.ch\/index.php\/unsere-lokomotiven\/","title":{"rendered":"Wagen"},"content":{"rendered":"<h3>Unsere Reisezugwagen<\/h3>\n<h4>Unsere Sonderz\u00fcge f\u00fcr 150 \u2013 1000 Personen bilden wir aus gem\u00fctlichen Schnellzugwagen mit 6er-Abteilen und in der Zugmitte ein oder zwei Partywagen. Auf Wunsch kommen Speisewagen hinzu, diese sind auch besonders beliebt als Zusatzwagen in \u201eRheingold\u201c und \u201eWeinstrasse-Express\u201c.<\/h4>\n<p><a href=\"https:\/\/avada.centralbahn.ch\/index.php\/schnellzugwagen\/\"><img loading=\"lazy\" decoding=\"async\" class=\"alignleft wp-image-323 size-thumbnail\" src=\"https:\/\/avada.centralbahn.ch\/wp-content\/uploads\/2021\/08\/image_Am_1-200x133-1-150x133.jpg\" alt=\"\" width=\"150\" height=\"133\" \/><\/a>Schnellzugwagen<br \/>\nF\u00fcr besten Reisekomfort sorgen bequeme Schnellzugwagen, mit bis zu 72 Sitzpl\u00e4tzen je Wagen in ger\u00e4umigen Abteilen.<br \/>\nAlle unsere Wagen bieten bequeme Sitzpl\u00e4tze in 6er-Abteilen, viel Stauraum f\u00fcr Gep\u00e4ck und pro Wagen je 2 WCs und 2 Waschr\u00e4ume.<\/p>\n<p>&nbsp;<\/p>\n<p>&nbsp;<\/p>\n<p><a href=\"https:\/\/avada.centralbahn.ch\/index.php\/partywagen\/\"><img loading=\"lazy\" decoding=\"async\" class=\"alignleft wp-image-326 size-thumbnail\" src=\"https:\/\/avada.centralbahn.ch\/wp-content\/uploads\/2021\/08\/reisezugwagen2-150x130.jpg\" alt=\"\" width=\"150\" height=\"130\" \/><\/a>Partywagen<br \/>\nGeselligkeit, Musik und Tanz, Spa\u00df und Unterhaltung die ganze Reise \u00fcber finden Sie im Partywagen mit Theke und Tonkabine.<\/p>\n<p>&nbsp;<\/p>\n<p>&nbsp;<\/p>\n<p>&nbsp;<\/p>\n<p><a href=\"https:\/\/avada.centralbahn.ch\/index.php\/speisewagen\/\"><img loading=\"lazy\" decoding=\"async\" class=\"alignleft wp-image-329 size-thumbnail\" src=\"https:\/\/avada.centralbahn.ch\/wp-content\/uploads\/2021\/08\/image_WR_3_JoergSeidel-200x150-1-150x150.jpg\" alt=\"\" width=\"150\" height=\"150\" \/><\/a>Speisewagen<br \/>\nOb z\u00fcnftige Brotzeit oder mehrg\u00e4ngiges Luxus-Dinner in einem Speisewagen \u2013 wir sind f\u00fcr alle W\u00fcnsche offen.<\/p>\n","protected":false},"excerpt":{"rendered":"<p>Unsere Reisezugwagen Unsere Sonderz\u00fcge f\u00fcr 150 \u2013 1000 Personen bilden wir aus gem\u00fctlichen Schnellzugwagen mit 6er-Abteilen und in der Zugmitte ein oder zwei Partywagen. Auf Wunsch kommen Speisewagen hinzu, diese sind auch besonders beliebt als Zusatzwagen in \u201eRheingold\u201c und \u201eWeinstrasse-Express\u201c. Schnellzugwagen F\u00fcr besten Reisekomfort sorgen bequeme Schnellzugwagen, mit bis zu [&hellip;]<\/p>\n","protected":false},"author":1,"featured_media":0,"parent":0,"menu_order":0,"comment_status":"closed","ping_status":"closed","template":"","meta":{"_monsterinsights_skip_tracking":false,"_monsterinsights_sitenote_active":false,"_monsterinsights_sitenote_note":"","_monsterinsights_sitenote_category":0,"footnotes":""},"class_list":["post-47","page","type-page","status-publish","hentry"],"_links":{"self":[{"href":"https:\/\/avada.centralbahn.ch\/index.php\/wp-json\/wp\/v2\/pages\/47","targetHints":{"allow":["GET"]}}],"collection":[{"href":"https:\/\/avada.centralbahn.ch\/index.php\/wp-json\/wp\/v2\/pages"}],"about":[{"href":"https:\/\/avada.centralbahn.ch\/index.php\/wp-json\/wp\/v2\/types\/page"}],"author":[{"embeddable":true,"href":"https:\/\/avada.centralbahn.ch\/index.php\/wp-json\/wp\/v2\/users\/1"}],"replies":[{"embeddable":true,"href":"https:\/\/avada.centralbahn.ch\/index.php\/wp-json\/wp\/v2\/comments?post=47"}],"version-history":[{"count":33,"href":"https:\/\/avada.centralbahn.ch\/index.php\/wp-json\/wp\/v2\/pages\/47\/revisions"}],"predecessor-version":[{"id":358,"href":"https:\/\/avada.centralbahn.ch\/index.php\/wp-json\/wp\/v2\/pages\/47\/revisions\/358"}],"wp:attachment":[{"href":"https:\/\/avada.centralbahn.ch\/index.php\/wp-json\/wp\/v2\/media?parent=47"}],"curies":[{"name":"wp","href":"https:\/\/api.w.org\/{rel}","templated":true}]}}