{"id":50,"date":"2021-01-20T12:03:03","date_gmt":"2021-01-20T12:03:03","guid":{"rendered":"https:\/\/2021.centralbahn.ch\/?page_id=50"},"modified":"2021-08-12T13:16:21","modified_gmt":"2021-08-12T13:16:21","slug":"unsere-lokomotiven-2","status":"publish","type":"page","link":"https:\/\/avada.centralbahn.ch\/index.php\/unsere-lokomotiven-2\/","title":{"rendered":"Lokomotiven"},"content":{"rendered":"<p>F\u00fcr die Durchf\u00fchrung der Sonderzugfahrten bieten wir mehrere elektrischen Lokomotiven.<br \/>\nSie k\u00f6nnen sie auch f\u00fcr eigene Fahrten mieten, tage- oder monatsweise.<br \/>\nAber bei Engp\u00e4ssen auch ganz kurzfristig und immer mit fachkundigem Personal.<\/p>\n<p>Sprechen Sie uns an, wann immer Sie Bedarf haben.<\/p>\n<p><img loading=\"lazy\" decoding=\"async\" src=\"https:\/\/avada.centralbahn.ch\/wp-content\/uploads\/2021\/01\/alle4-1-e1611822934484.jpg\" alt=\"\" width=\"1600\" height=\"556\" class=\"alignnone size-full wp-image-199\" \/><\/p>\n","protected":false},"excerpt":{"rendered":"<p>F\u00fcr die Durchf\u00fchrung der Sonderzugfahrten bieten wir mehrere elektrischen Lokomotiven. Sie k\u00f6nnen sie auch f\u00fcr eigene Fahrten mieten, tage- oder monatsweise. Aber bei Engp\u00e4ssen auch ganz kurzfristig und immer mit fachkundigem Personal. Sprechen Sie uns an, wann immer Sie Bedarf haben.<\/p>\n","protected":false},"author":1,"featured_media":0,"parent":0,"menu_order":0,"comment_status":"closed","ping_status":"closed","template":"","meta":{"_monsterinsights_skip_tracking":false,"_monsterinsights_sitenote_active":false,"_monsterinsights_sitenote_note":"","_monsterinsights_sitenote_category":0,"footnotes":""},"class_list":["post-50","page","type-page","status-publish","hentry"],"_links":{"self":[{"href":"https:\/\/avada.centralbahn.ch\/index.php\/wp-json\/wp\/v2\/pages\/50","targetHints":{"allow":["GET"]}}],"collection":[{"href":"https:\/\/avada.centralbahn.ch\/index.php\/wp-json\/wp\/v2\/pages"}],"about":[{"href":"https:\/\/avada.centralbahn.ch\/index.php\/wp-json\/wp\/v2\/types\/page"}],"author":[{"embeddable":true,"href":"https:\/\/avada.centralbahn.ch\/index.php\/wp-json\/wp\/v2\/users\/1"}],"replies":[{"embeddable":true,"href":"https:\/\/avada.centralbahn.ch\/index.php\/wp-json\/wp\/v2\/comments?post=50"}],"version-history":[{"count":3,"href":"https:\/\/avada.centralbahn.ch\/index.php\/wp-json\/wp\/v2\/pages\/50\/revisions"}],"predecessor-version":[{"id":309,"href":"https:\/\/avada.centralbahn.ch\/index.php\/wp-json\/wp\/v2\/pages\/50\/revisions\/309"}],"wp:attachment":[{"href":"https:\/\/avada.centralbahn.ch\/index.php\/wp-json\/wp\/v2\/media?parent=50"}],"curies":[{"name":"wp","href":"https:\/\/api.w.org\/{rel}","templated":true}]}}